{"id":835,"date":"2022-06-09T17:18:39","date_gmt":"2022-06-09T17:18:39","guid":{"rendered":"https:\/\/startersites.io\/elementor\/persona\/?page_id=835"},"modified":"2024-12-20T14:32:48","modified_gmt":"2024-12-20T14:32:48","slug":"about-us","status":"publish","type":"page","link":"https:\/\/waha-inc.fr\/en\/about-us\/","title":{"rendered":"The Agency"},"content":{"rendered":"<div data-elementor-type=\"wp-page\" data-elementor-id=\"835\" class=\"elementor elementor-835\">\n\t\t\t\t<div class=\"elementor-element elementor-element-f32d86d e-flex e-con-boxed e-con e-parent\" data-id=\"f32d86d\" data-element_type=\"container\">\n\t\t\t\t\t<div class=\"e-con-inner\">\n\t\t\t\t<div class=\"elementor-element elementor-element-a3cc2d0 elementor-widget__width-initial elementor-widget elementor-widget-image\" data-id=\"a3cc2d0\" data-element_type=\"widget\" data-widget_type=\"image.default\">\n\t\t\t\t<div class=\"elementor-widget-container\">\n\t\t\t\t\t\t\t\t\t\t\t\t\t\t\t<img fetchpriority=\"high\" decoding=\"async\" width=\"960\" height=\"1280\" src=\"https:\/\/waha-inc.fr\/wp-content\/uploads\/2024\/12\/agence-marketing-web-1.jpg\" class=\"attachment-full size-full wp-image-1897\" alt=\"agence marketing web\" srcset=\"https:\/\/waha-inc.fr\/wp-content\/uploads\/2024\/12\/agence-marketing-web-1.jpg 960w, https:\/\/waha-inc.fr\/wp-content\/uploads\/2024\/12\/agence-marketing-web-1-225x300.jpg 225w, https:\/\/waha-inc.fr\/wp-content\/uploads\/2024\/12\/agence-marketing-web-1-768x1024.jpg 768w\" sizes=\"(max-width: 960px) 100vw, 960px\" \/>\t\t\t\t\t\t\t\t\t\t\t\t\t\t\t<\/div>\n\t\t\t\t<\/div>\n\t\t<div class=\"elementor-element elementor-element-f190a5a e-con-full e-flex e-con e-child\" data-id=\"f190a5a\" data-element_type=\"container\">\n\t\t\t\t<div class=\"elementor-element elementor-element-7044c7c elementor-widget elementor-widget-text-editor\" data-id=\"7044c7c\" data-element_type=\"widget\" data-widget_type=\"text-editor.default\">\n\t\t\t\t<div class=\"elementor-widget-container\">\n\t\t\t\t\t\t\t\t\t<p>Our primary goal:\u00a0<\/p>\t\t\t\t\t\t\t\t<\/div>\n\t\t\t\t<\/div>\n\t\t\t\t<div class=\"elementor-element elementor-element-fea6de6 elementor-widget elementor-widget-heading\" data-id=\"fea6de6\" data-element_type=\"widget\" data-widget_type=\"heading.default\">\n\t\t\t\t<div class=\"elementor-widget-container\">\n\t\t\t\t\t<h2 class=\"elementor-heading-title elementor-size-default\">Quench your thirst for growth.<\/h2>\t\t\t\t<\/div>\n\t\t\t\t<\/div>\n\t\t<div class=\"elementor-element elementor-element-23587c7 e-flex e-con-boxed e-con e-child\" data-id=\"23587c7\" data-element_type=\"container\">\n\t\t\t\t\t<div class=\"e-con-inner\">\n\t\t<div class=\"elementor-element elementor-element-68998b1 e-con-full e-flex e-con e-child\" data-id=\"68998b1\" data-element_type=\"container\">\n\t\t\t\t<div class=\"elementor-element elementor-element-506d811 elementor-widget elementor-widget-heading\" data-id=\"506d811\" data-element_type=\"widget\" data-widget_type=\"heading.default\">\n\t\t\t\t<div class=\"elementor-widget-container\">\n\t\t\t\t\t<h3 class=\"elementor-heading-title elementor-size-default\">#1<\/h3>\t\t\t\t<\/div>\n\t\t\t\t<\/div>\n\t\t\t\t<\/div>\n\t\t<div class=\"elementor-element elementor-element-6918e32 e-con-full e-flex e-con e-child\" data-id=\"6918e32\" data-element_type=\"container\">\n\t\t\t\t<div class=\"elementor-element elementor-element-f438bcc elementor-widget elementor-widget-heading\" data-id=\"f438bcc\" data-element_type=\"widget\" data-widget_type=\"heading.default\">\n\t\t\t\t<div class=\"elementor-widget-container\">\n\t\t\t\t\t<h5 class=\"elementor-heading-title elementor-size-default\">Our Mission<\/h5>\t\t\t\t<\/div>\n\t\t\t\t<\/div>\n\t\t\t\t<div class=\"elementor-element elementor-element-5e5fad7 elementor-widget elementor-widget-text-editor\" data-id=\"5e5fad7\" data-element_type=\"widget\" data-widget_type=\"text-editor.default\">\n\t\t\t\t<div class=\"elementor-widget-container\">\n\t\t\t\t\t\t\t\t\t<p>In the fast-paced race of the marketing world, our guiding principle is clear: work <strong>ethically<\/strong>, while supporting <strong>those who share our ambition\u2014YOU.<\/strong><\/p>\t\t\t\t\t\t\t\t<\/div>\n\t\t\t\t<\/div>\n\t\t\t\t<\/div>\n\t\t\t\t\t<\/div>\n\t\t\t\t<\/div>\n\t\t<div class=\"elementor-element elementor-element-bb98233 e-flex e-con-boxed e-con e-child\" data-id=\"bb98233\" data-element_type=\"container\">\n\t\t\t\t\t<div class=\"e-con-inner\">\n\t\t<div class=\"elementor-element elementor-element-dd782db e-con-full e-flex e-con e-child\" data-id=\"dd782db\" data-element_type=\"container\">\n\t\t\t\t<div class=\"elementor-element elementor-element-bdcb5fa elementor-widget elementor-widget-heading\" data-id=\"bdcb5fa\" data-element_type=\"widget\" data-widget_type=\"heading.default\">\n\t\t\t\t<div class=\"elementor-widget-container\">\n\t\t\t\t\t<h3 class=\"elementor-heading-title elementor-size-default\">#2<\/h3>\t\t\t\t<\/div>\n\t\t\t\t<\/div>\n\t\t\t\t<\/div>\n\t\t<div class=\"elementor-element elementor-element-fa292e1 e-con-full e-flex e-con e-child\" data-id=\"fa292e1\" data-element_type=\"container\">\n\t\t\t\t<div class=\"elementor-element elementor-element-6c19aa6 elementor-widget elementor-widget-heading\" data-id=\"6c19aa6\" data-element_type=\"widget\" data-widget_type=\"heading.default\">\n\t\t\t\t<div class=\"elementor-widget-container\">\n\t\t\t\t\t<h5 class=\"elementor-heading-title elementor-size-default\"><strong><strong>Our goals<\/strong><\/strong><\/h5>\t\t\t\t<\/div>\n\t\t\t\t<\/div>\n\t\t\t\t<div class=\"elementor-element elementor-element-84a7751 elementor-widget elementor-widget-text-editor\" data-id=\"84a7751\" data-element_type=\"widget\" data-widget_type=\"text-editor.default\">\n\t\t\t\t<div class=\"elementor-widget-container\">\n\t\t\t\t\t\t\t\t\t<p>Guiding you through the vast desert of marketing, we provide <strong>advice<\/strong> and <strong>care and compassion.<\/strong>Every journey begins somewhere.<br \/><strong>We bring your projects to life,<\/strong> making them as captivating as an oasis in the heart of the desert.<\/p>\t\t\t\t\t\t\t\t<\/div>\n\t\t\t\t<\/div>\n\t\t\t\t<\/div>\n\t\t\t\t\t<\/div>\n\t\t\t\t<\/div>\n\t\t<div class=\"elementor-element elementor-element-def32c4 e-flex e-con-boxed e-con e-child\" data-id=\"def32c4\" data-element_type=\"container\">\n\t\t\t\t\t<div class=\"e-con-inner\">\n\t\t<div class=\"elementor-element elementor-element-2d468a8 e-con-full e-flex e-con e-child\" data-id=\"2d468a8\" data-element_type=\"container\">\n\t\t\t\t<div class=\"elementor-element elementor-element-6e7e5be elementor-widget elementor-widget-heading\" data-id=\"6e7e5be\" data-element_type=\"widget\" data-widget_type=\"heading.default\">\n\t\t\t\t<div class=\"elementor-widget-container\">\n\t\t\t\t\t<h3 class=\"elementor-heading-title elementor-size-default\">#3<\/h3>\t\t\t\t<\/div>\n\t\t\t\t<\/div>\n\t\t\t\t<\/div>\n\t\t<div class=\"elementor-element elementor-element-0141be7 e-con-full e-flex e-con e-child\" data-id=\"0141be7\" data-element_type=\"container\">\n\t\t\t\t<div class=\"elementor-element elementor-element-9ddd808 elementor-widget elementor-widget-heading\" data-id=\"9ddd808\" data-element_type=\"widget\" data-widget_type=\"heading.default\">\n\t\t\t\t<div class=\"elementor-widget-container\">\n\t\t\t\t\t<h5 class=\"elementor-heading-title elementor-size-default\">Why choose us ?<\/h5>\t\t\t\t<\/div>\n\t\t\t\t<\/div>\n\t\t\t\t<div class=\"elementor-element elementor-element-58104de elementor-widget elementor-widget-text-editor\" data-id=\"58104de\" data-element_type=\"widget\" data-widget_type=\"text-editor.default\">\n\t\t\t\t<div class=\"elementor-widget-container\">\n\t\t\t\t\t\t\t\t\t<p>Much more than an agency: Waha.inc is\u00a0<strong>an oasis where your projects come to life.<\/strong>With a unique blend of design expertise and strategic insight, we offer tailored solutions driven by the complementary talents of a passionate duo.\u00a0<\/p>\t\t\t\t\t\t\t\t<\/div>\n\t\t\t\t<\/div>\n\t\t\t\t<\/div>\n\t\t\t\t\t<\/div>\n\t\t\t\t<\/div>\n\t\t\t\t<div class=\"elementor-element elementor-element-fa503f7 elementor-widget elementor-widget-button\" data-id=\"fa503f7\" data-element_type=\"widget\" data-widget_type=\"button.default\">\n\t\t\t\t<div class=\"elementor-widget-container\">\n\t\t\t\t\t\t\t\t\t<div class=\"elementor-button-wrapper\">\n\t\t\t\t\t<a class=\"elementor-button elementor-button-link elementor-size-md\" href=\"#\">\n\t\t\t\t\t\t<span class=\"elementor-button-content-wrapper\">\n\t\t\t\t\t\t\t\t\t<span class=\"elementor-button-text\">Book a call<\/span>\n\t\t\t\t\t<\/span>\n\t\t\t\t\t<\/a>\n\t\t\t\t<\/div>\n\t\t\t\t\t\t\t\t<\/div>\n\t\t\t\t<\/div>\n\t\t\t\t<\/div>\n\t\t\t\t\t<\/div>\n\t\t\t\t<\/div>\n\t\t<div class=\"elementor-element elementor-element-3833c42 e-flex e-con-boxed e-con e-parent\" data-id=\"3833c42\" data-element_type=\"container\" data-settings=\"{&quot;background_background&quot;:&quot;classic&quot;}\">\n\t\t\t\t\t<div class=\"e-con-inner\">\n\t\t<div class=\"elementor-element elementor-element-fed2aad e-con-full e-flex e-con e-child\" data-id=\"fed2aad\" data-element_type=\"container\">\n\t\t\t\t<div class=\"elementor-element elementor-element-5b6e380 elementor-widget elementor-widget-text-editor\" data-id=\"5b6e380\" data-element_type=\"widget\" data-widget_type=\"text-editor.default\">\n\t\t\t\t<div class=\"elementor-widget-container\">\n\t\t\t\t\t\t\t\t\t<p>They talk about it better than we do...<\/p>\t\t\t\t\t\t\t\t<\/div>\n\t\t\t\t<\/div>\n\t\t\t\t<div class=\"elementor-element elementor-element-88ced2b elementor-widget elementor-widget-heading\" data-id=\"88ced2b\" data-element_type=\"widget\" data-widget_type=\"heading.default\">\n\t\t\t\t<div class=\"elementor-widget-container\">\n\t\t\t\t\t<h2 class=\"elementor-heading-title elementor-size-default\">Happy Clients<\/h2>\t\t\t\t<\/div>\n\t\t\t\t<\/div>\n\t\t\t\t<div class=\"elementor-element elementor-element-896ff58 elementor-widget elementor-widget-text-editor\" data-id=\"896ff58\" data-element_type=\"widget\" data-widget_type=\"text-editor.default\">\n\t\t\t\t<div class=\"elementor-widget-container\">\n\t\t\t\t\t\t\t\t\t<p>They had a dream, and we helped make it a reality.\u00a0<\/p>\t\t\t\t\t\t\t\t<\/div>\n\t\t\t\t<\/div>\n\t\t\t\t<\/div>\n\t\t<div class=\"elementor-element elementor-element-b793d75 e-con-full e-flex e-con e-child\" data-id=\"b793d75\" data-element_type=\"container\" data-settings=\"{&quot;background_background&quot;:&quot;classic&quot;}\">\n\t\t\t\t<div class=\"elementor-element elementor-element-dbae3f9 elementor-widget elementor-widget-heading\" data-id=\"dbae3f9\" data-element_type=\"widget\" data-widget_type=\"heading.default\">\n\t\t\t\t<div class=\"elementor-widget-container\">\n\t\t\t\t\t<h3 class=\"elementor-heading-title elementor-size-default\">\"Absolutely perfect! <\/h3>\t\t\t\t<\/div>\n\t\t\t\t<\/div>\n\t\t\t\t<div class=\"elementor-element elementor-element-d94accc elementor-widget elementor-widget-text-editor\" data-id=\"d94accc\" data-element_type=\"widget\" data-widget_type=\"text-editor.default\">\n\t\t\t\t<div class=\"elementor-widget-container\">\n\t\t\t\t\t\t\t\t\t<p>We trusted Waha.Inc to create our website.\u00a0<\/p><p>The result? A website that reflects our values and our ambition!\"<\/p>\t\t\t\t\t\t\t\t<\/div>\n\t\t\t\t<\/div>\n\t\t<div class=\"elementor-element elementor-element-634e661 e-flex e-con-boxed e-con e-child\" data-id=\"634e661\" data-element_type=\"container\">\n\t\t\t\t\t<div class=\"e-con-inner\">\n\t\t<div class=\"elementor-element elementor-element-e1dd4f3 e-con-full e-flex e-con e-child\" data-id=\"e1dd4f3\" data-element_type=\"container\">\n\t\t\t\t<div class=\"elementor-element elementor-element-85a6d40 elementor-widget elementor-widget-image\" data-id=\"85a6d40\" data-element_type=\"widget\" data-widget_type=\"image.default\">\n\t\t\t\t<div class=\"elementor-widget-container\">\n\t\t\t\t\t\t\t\t\t\t\t\t\t\t\t<img decoding=\"async\" width=\"150\" height=\"150\" src=\"https:\/\/waha-inc.fr\/wp-content\/uploads\/2024\/12\/logo-pinterest-150x150.png\" class=\"attachment-thumbnail size-thumbnail wp-image-1973\" alt=\"\" srcset=\"https:\/\/waha-inc.fr\/wp-content\/uploads\/2024\/12\/logo-pinterest-150x150.png 150w, https:\/\/waha-inc.fr\/wp-content\/uploads\/2024\/12\/logo-pinterest-300x300.png 300w, https:\/\/waha-inc.fr\/wp-content\/uploads\/2024\/12\/logo-pinterest-12x12.png 12w, https:\/\/waha-inc.fr\/wp-content\/uploads\/2024\/12\/logo-pinterest.png 500w\" sizes=\"(max-width: 150px) 100vw, 150px\" \/>\t\t\t\t\t\t\t\t\t\t\t\t\t\t\t<\/div>\n\t\t\t\t<\/div>\n\t\t\t\t<\/div>\n\t\t<div class=\"elementor-element elementor-element-0751d89 e-con-full e-flex e-con e-child\" data-id=\"0751d89\" data-element_type=\"container\">\n\t\t\t\t<div class=\"elementor-element elementor-element-2901ff4 elementor-widget elementor-widget-heading\" data-id=\"2901ff4\" data-element_type=\"widget\" data-widget_type=\"heading.default\">\n\t\t\t\t<div class=\"elementor-widget-container\">\n\t\t\t\t\t<h6 class=\"elementor-heading-title elementor-size-default\">Amina<\/h6>\t\t\t\t<\/div>\n\t\t\t\t<\/div>\n\t\t\t\t<div class=\"elementor-element elementor-element-6dadec4 elementor-widget elementor-widget-text-editor\" data-id=\"6dadec4\" data-element_type=\"widget\" data-widget_type=\"text-editor.default\">\n\t\t\t\t<div class=\"elementor-widget-container\">\n\t\t\t\t\t\t\t\t\t<p><em>FOUNDER, Obika Cosm\u00e9tiques<\/em><\/p>\t\t\t\t\t\t\t\t<\/div>\n\t\t\t\t<\/div>\n\t\t\t\t<\/div>\n\t\t\t\t\t<\/div>\n\t\t\t\t<\/div>\n\t\t\t\t<\/div>\n\t\t\t\t\t<\/div>\n\t\t\t\t<\/div>\n\t\t<div class=\"elementor-element elementor-element-1e67f1fb e-flex e-con-boxed e-con e-parent\" data-id=\"1e67f1fb\" data-element_type=\"container\">\n\t\t\t\t\t<div class=\"e-con-inner\">\n\t\t<div class=\"elementor-element elementor-element-6d0f2d98 e-flex e-con-boxed e-con e-child\" data-id=\"6d0f2d98\" data-element_type=\"container\" data-settings=\"{&quot;background_background&quot;:&quot;classic&quot;}\">\n\t\t\t\t\t<div class=\"e-con-inner\">\n\t\t<div class=\"elementor-element elementor-element-23e14408 e-con-full e-flex e-con e-child\" data-id=\"23e14408\" data-element_type=\"container\">\n\t\t\t\t<div class=\"elementor-element elementor-element-57ee1910 elementor-widget elementor-widget-heading\" data-id=\"57ee1910\" data-element_type=\"widget\" data-widget_type=\"heading.default\">\n\t\t\t\t<div class=\"elementor-widget-container\">\n\t\t\t\t\t<h2 class=\"elementor-heading-title elementor-size-default\">Special Offer 20% OFF<\/h2>\t\t\t\t<\/div>\n\t\t\t\t<\/div>\n\t\t\t\t<div class=\"elementor-element elementor-element-857315d elementor-widget elementor-widget-text-editor\" data-id=\"857315d\" data-element_type=\"widget\" data-widget_type=\"text-editor.default\">\n\t\t\t\t<div class=\"elementor-widget-container\">\n\t\t\t\t\t\t\t\t\t<p>For any project combining a website creation with a complete visual identity package!\u00a0<\/p>\t\t\t\t\t\t\t\t<\/div>\n\t\t\t\t<\/div>\n\t\t\t\t<div class=\"elementor-element elementor-element-73f05a96 elementor-widget elementor-widget-button\" data-id=\"73f05a96\" data-element_type=\"widget\" data-widget_type=\"button.default\">\n\t\t\t\t<div class=\"elementor-widget-container\">\n\t\t\t\t\t\t\t\t\t<div class=\"elementor-button-wrapper\">\n\t\t\t\t\t<a class=\"elementor-button elementor-button-link elementor-size-md\" href=\"#\">\n\t\t\t\t\t\t<span class=\"elementor-button-content-wrapper\">\n\t\t\t\t\t\t\t\t\t<span class=\"elementor-button-text\">Contact us<\/span>\n\t\t\t\t\t<\/span>\n\t\t\t\t\t<\/a>\n\t\t\t\t<\/div>\n\t\t\t\t\t\t\t\t<\/div>\n\t\t\t\t<\/div>\n\t\t\t\t<\/div>\n\t\t\t\t<div class=\"elementor-element elementor-element-57728b2c elementor-widget__width-initial elementor-widget elementor-widget-image\" data-id=\"57728b2c\" data-element_type=\"widget\" data-widget_type=\"image.default\">\n\t\t\t\t<div class=\"elementor-widget-container\">\n\t\t\t\t\t\t\t\t\t\t\t\t\t\t\t<img decoding=\"async\" width=\"768\" height=\"1024\" src=\"https:\/\/waha-inc.fr\/wp-content\/uploads\/2024\/12\/agence-web-768x1024.png\" class=\"attachment-large size-large wp-image-1899\" alt=\"agence web\" srcset=\"https:\/\/waha-inc.fr\/wp-content\/uploads\/2024\/12\/agence-web-768x1024.png 768w, https:\/\/waha-inc.fr\/wp-content\/uploads\/2024\/12\/agence-web-225x300.png 225w, https:\/\/waha-inc.fr\/wp-content\/uploads\/2024\/12\/agence-web.png 960w\" sizes=\"(max-width: 768px) 100vw, 768px\" \/>\t\t\t\t\t\t\t\t\t\t\t\t\t\t\t<\/div>\n\t\t\t\t<\/div>\n\t\t\t\t\t<\/div>\n\t\t\t\t<\/div>\n\t\t\t\t\t<\/div>\n\t\t\t\t<\/div>\n\t\t\t\t<\/div>","protected":false},"excerpt":{"rendered":"<p>Deux soeurs, deux m\u00e9tiers, une m\u00eame volont\u00e9, et le d\u00e9sir de r\u00e9aliser vos r\u00eaves.<br \/>\nBienvenue chez Waha.Inc, votre agence de cr\u00e9ation de sites web &#8211; et bien plus. <\/p>","protected":false},"author":1,"featured_media":0,"parent":0,"menu_order":0,"comment_status":"closed","ping_status":"closed","template":"","meta":{"footnotes":""},"class_list":["post-835","page","type-page","status-publish","hentry"],"blocksy_meta":{"styles_descriptor":{"styles":{"desktop":"","tablet":"","mobile":""},"google_fonts":[],"version":6}},"yoast_head":"<!-- This site is optimized with the Yoast SEO plugin v25.9 - https:\/\/yoast.com\/wordpress\/plugins\/seo\/ -->\n<title>l&#039;Agence - waha-inc.fr<\/title>\n<meta name=\"robots\" content=\"index, follow, max-snippet:-1, max-image-preview:large, max-video-preview:-1\" \/>\n<link rel=\"canonical\" href=\"https:\/\/waha-inc.fr\/en\/about-us\/\" \/>\n<meta property=\"og:locale\" content=\"en_US\" \/>\n<meta property=\"og:type\" content=\"article\" \/>\n<meta property=\"og:title\" content=\"l&#039;Agence - waha-inc.fr\" \/>\n<meta property=\"og:description\" content=\"Deux soeurs, deux m\u00e9tiers, une m\u00eame volont\u00e9, et le d\u00e9sir de r\u00e9aliser vos r\u00eaves. Bienvenue chez Waha.Inc, votre agence de cr\u00e9ation de sites web - et bien plus.\" \/>\n<meta property=\"og:url\" content=\"https:\/\/waha-inc.fr\/en\/about-us\/\" \/>\n<meta property=\"og:site_name\" content=\"waha-inc.fr\" \/>\n<meta property=\"article:modified_time\" content=\"2024-12-20T14:32:48+00:00\" \/>\n<meta property=\"og:image\" content=\"https:\/\/waha-inc.fr\/wp-content\/uploads\/2024\/12\/agence-marketing-web-1.jpg\" \/>\n\t<meta property=\"og:image:width\" content=\"960\" \/>\n\t<meta property=\"og:image:height\" content=\"1280\" \/>\n\t<meta property=\"og:image:type\" content=\"image\/jpeg\" \/>\n<meta name=\"twitter:card\" content=\"summary_large_image\" \/>\n<meta name=\"twitter:label1\" content=\"Est. reading time\" \/>\n\t<meta name=\"twitter:data1\" content=\"2 minutes\" \/>\n<script type=\"application\/ld+json\" class=\"yoast-schema-graph\">{\"@context\":\"https:\/\/schema.org\",\"@graph\":[{\"@type\":\"WebPage\",\"@id\":\"https:\/\/waha-inc.fr\/about-us\/\",\"url\":\"https:\/\/waha-inc.fr\/about-us\/\",\"name\":\"l'Agence - waha-inc.fr\",\"isPartOf\":{\"@id\":\"https:\/\/waha-inc.fr\/#website\"},\"primaryImageOfPage\":{\"@id\":\"https:\/\/waha-inc.fr\/about-us\/#primaryimage\"},\"image\":{\"@id\":\"https:\/\/waha-inc.fr\/about-us\/#primaryimage\"},\"thumbnailUrl\":\"https:\/\/waha-inc.fr\/wp-content\/uploads\/2024\/12\/agence-marketing-web-1.jpg\",\"datePublished\":\"2022-06-09T17:18:39+00:00\",\"dateModified\":\"2024-12-20T14:32:48+00:00\",\"breadcrumb\":{\"@id\":\"https:\/\/waha-inc.fr\/about-us\/#breadcrumb\"},\"inLanguage\":\"en-US\",\"potentialAction\":[{\"@type\":\"ReadAction\",\"target\":[\"https:\/\/waha-inc.fr\/about-us\/\"]}]},{\"@type\":\"ImageObject\",\"inLanguage\":\"en-US\",\"@id\":\"https:\/\/waha-inc.fr\/about-us\/#primaryimage\",\"url\":\"https:\/\/waha-inc.fr\/wp-content\/uploads\/2024\/12\/agence-marketing-web-1.jpg\",\"contentUrl\":\"https:\/\/waha-inc.fr\/wp-content\/uploads\/2024\/12\/agence-marketing-web-1.jpg\"},{\"@type\":\"BreadcrumbList\",\"@id\":\"https:\/\/waha-inc.fr\/about-us\/#breadcrumb\",\"itemListElement\":[{\"@type\":\"ListItem\",\"position\":1,\"name\":\"Accueil\",\"item\":\"https:\/\/waha-inc.fr\/\"},{\"@type\":\"ListItem\",\"position\":2,\"name\":\"l&rsquo;Agence\"}]},{\"@type\":\"WebSite\",\"@id\":\"https:\/\/waha-inc.fr\/#website\",\"url\":\"https:\/\/waha-inc.fr\/\",\"name\":\"waha-inc.fr\",\"description\":\"On dirait que vous avez trouv\u00e9 votre oasis...\",\"publisher\":{\"@id\":\"https:\/\/waha-inc.fr\/#organization\"},\"alternateName\":\"Agence web Waha.Inc\",\"potentialAction\":[{\"@type\":\"SearchAction\",\"target\":{\"@type\":\"EntryPoint\",\"urlTemplate\":\"https:\/\/waha-inc.fr\/?s={search_term_string}\"},\"query-input\":{\"@type\":\"PropertyValueSpecification\",\"valueRequired\":true,\"valueName\":\"search_term_string\"}}],\"inLanguage\":\"en-US\"},{\"@type\":\"Organization\",\"@id\":\"https:\/\/waha-inc.fr\/#organization\",\"name\":\"waha-inc.fr\",\"url\":\"https:\/\/waha-inc.fr\/\",\"logo\":{\"@type\":\"ImageObject\",\"inLanguage\":\"en-US\",\"@id\":\"https:\/\/waha-inc.fr\/#\/schema\/logo\/image\/\",\"url\":\"https:\/\/waha-inc.fr\/wp-content\/uploads\/2024\/11\/logo-marron.png\",\"contentUrl\":\"https:\/\/waha-inc.fr\/wp-content\/uploads\/2024\/11\/logo-marron.png\",\"width\":1366,\"height\":768,\"caption\":\"waha-inc.fr\"},\"image\":{\"@id\":\"https:\/\/waha-inc.fr\/#\/schema\/logo\/image\/\"},\"sameAs\":[\"https:\/\/www.instagram.com\/waha.inc\/\",\"https:\/\/fr.pinterest.com\/wahainc\/\"]}]}<\/script>\n<!-- \/ Yoast SEO plugin. -->","yoast_head_json":{"title":"l'Agence - waha-inc.fr","robots":{"index":"index","follow":"follow","max-snippet":"max-snippet:-1","max-image-preview":"max-image-preview:large","max-video-preview":"max-video-preview:-1"},"canonical":"https:\/\/waha-inc.fr\/en\/about-us\/","og_locale":"en_US","og_type":"article","og_title":"l'Agence - waha-inc.fr","og_description":"Deux soeurs, deux m\u00e9tiers, une m\u00eame volont\u00e9, et le d\u00e9sir de r\u00e9aliser vos r\u00eaves. Bienvenue chez Waha.Inc, votre agence de cr\u00e9ation de sites web - et bien plus.","og_url":"https:\/\/waha-inc.fr\/en\/about-us\/","og_site_name":"waha-inc.fr","article_modified_time":"2024-12-20T14:32:48+00:00","og_image":[{"width":960,"height":1280,"url":"https:\/\/waha-inc.fr\/wp-content\/uploads\/2024\/12\/agence-marketing-web-1.jpg","type":"image\/jpeg"}],"twitter_card":"summary_large_image","twitter_misc":{"Est. reading time":"2 minutes"},"schema":{"@context":"https:\/\/schema.org","@graph":[{"@type":"WebPage","@id":"https:\/\/waha-inc.fr\/about-us\/","url":"https:\/\/waha-inc.fr\/about-us\/","name":"l'Agence - waha-inc.fr","isPartOf":{"@id":"https:\/\/waha-inc.fr\/#website"},"primaryImageOfPage":{"@id":"https:\/\/waha-inc.fr\/about-us\/#primaryimage"},"image":{"@id":"https:\/\/waha-inc.fr\/about-us\/#primaryimage"},"thumbnailUrl":"https:\/\/waha-inc.fr\/wp-content\/uploads\/2024\/12\/agence-marketing-web-1.jpg","datePublished":"2022-06-09T17:18:39+00:00","dateModified":"2024-12-20T14:32:48+00:00","breadcrumb":{"@id":"https:\/\/waha-inc.fr\/about-us\/#breadcrumb"},"inLanguage":"en-US","potentialAction":[{"@type":"ReadAction","target":["https:\/\/waha-inc.fr\/about-us\/"]}]},{"@type":"ImageObject","inLanguage":"en-US","@id":"https:\/\/waha-inc.fr\/about-us\/#primaryimage","url":"https:\/\/waha-inc.fr\/wp-content\/uploads\/2024\/12\/agence-marketing-web-1.jpg","contentUrl":"https:\/\/waha-inc.fr\/wp-content\/uploads\/2024\/12\/agence-marketing-web-1.jpg"},{"@type":"BreadcrumbList","@id":"https:\/\/waha-inc.fr\/about-us\/#breadcrumb","itemListElement":[{"@type":"ListItem","position":1,"name":"Accueil","item":"https:\/\/waha-inc.fr\/"},{"@type":"ListItem","position":2,"name":"l&rsquo;Agence"}]},{"@type":"WebSite","@id":"https:\/\/waha-inc.fr\/#website","url":"https:\/\/waha-inc.fr\/","name":"waha-inc.fr","description":"Looks like you\u2019ve found your oasis...","publisher":{"@id":"https:\/\/waha-inc.fr\/#organization"},"alternateName":"Agence web Waha.Inc","potentialAction":[{"@type":"SearchAction","target":{"@type":"EntryPoint","urlTemplate":"https:\/\/waha-inc.fr\/?s={search_term_string}"},"query-input":{"@type":"PropertyValueSpecification","valueRequired":true,"valueName":"search_term_string"}}],"inLanguage":"en-US"},{"@type":"Organization","@id":"https:\/\/waha-inc.fr\/#organization","name":"waha-inc.fr","url":"https:\/\/waha-inc.fr\/","logo":{"@type":"ImageObject","inLanguage":"en-US","@id":"https:\/\/waha-inc.fr\/#\/schema\/logo\/image\/","url":"https:\/\/waha-inc.fr\/wp-content\/uploads\/2024\/11\/logo-marron.png","contentUrl":"https:\/\/waha-inc.fr\/wp-content\/uploads\/2024\/11\/logo-marron.png","width":1366,"height":768,"caption":"waha-inc.fr"},"image":{"@id":"https:\/\/waha-inc.fr\/#\/schema\/logo\/image\/"},"sameAs":["https:\/\/www.instagram.com\/waha.inc\/","https:\/\/fr.pinterest.com\/wahainc\/"]}]}},"_links":{"self":[{"href":"https:\/\/waha-inc.fr\/en\/wp-json\/wp\/v2\/pages\/835","targetHints":{"allow":["GET"]}}],"collection":[{"href":"https:\/\/waha-inc.fr\/en\/wp-json\/wp\/v2\/pages"}],"about":[{"href":"https:\/\/waha-inc.fr\/en\/wp-json\/wp\/v2\/types\/page"}],"author":[{"embeddable":true,"href":"https:\/\/waha-inc.fr\/en\/wp-json\/wp\/v2\/users\/1"}],"replies":[{"embeddable":true,"href":"https:\/\/waha-inc.fr\/en\/wp-json\/wp\/v2\/comments?post=835"}],"version-history":[{"count":54,"href":"https:\/\/waha-inc.fr\/en\/wp-json\/wp\/v2\/pages\/835\/revisions"}],"predecessor-version":[{"id":1976,"href":"https:\/\/waha-inc.fr\/en\/wp-json\/wp\/v2\/pages\/835\/revisions\/1976"}],"wp:attachment":[{"href":"https:\/\/waha-inc.fr\/en\/wp-json\/wp\/v2\/media?parent=835"}],"curies":[{"name":"wp","href":"https:\/\/api.w.org\/{rel}","templated":true}]}}