{"id":3,"date":"2024-10-31T16:58:45","date_gmt":"2024-10-31T16:58:45","guid":{"rendered":"http:\/\/waha-inc.fr\/?page_id=3"},"modified":"2024-12-19T14:54:35","modified_gmt":"2024-12-19T14:54:35","slug":"privacy-policy","status":"publish","type":"page","link":"https:\/\/waha-inc.fr\/en\/privacy-policy\/","title":{"rendered":"Privacy Policy"},"content":{"rendered":"<h2 class=\"wp-block-heading\">Politique de Confidentialit\u00e9<\/h2>\n\n\n\n<p style=\"font-size:clamp(14px, 0.875rem + ((1vw - 3.2px) * 0.078), 15px);\">Effective Date: 19\/12\/2024<\/p>\n\n\n\n<p style=\"font-size:clamp(14px, 0.875rem + ((1vw - 3.2px) * 0.078), 15px);\">Chez <strong>At Waha.Inc<\/strong>we value your privacy and are committed to protecting your personal information. This Privacy Policy explains how we collect, use, and safeguard your data when you visit our website or use our services.<\/p>\n\n\n\n<h2 class=\"wp-block-heading\">1. <strong>Data controller<\/strong><\/h2>\n\n\n\n<p style=\"font-size:clamp(14px, 0.875rem + ((1vw - 3.2px) * 0.078), 15px);\">At Waha.Inc<br>Adresse : 12, Rue de la Part-Dieu<br>E-mail : <a>contact@waha-inc.fr<\/a><\/p>\n\n\n\n<h2 class=\"wp-block-heading\">2. <strong>Information We Collect<\/strong><\/h2>\n\n\n\n<p style=\"font-size:clamp(14px, 0.875rem + ((1vw - 3.2px) * 0.078), 15px);\">We may collect the following types of information:<\/p>\n\n\n\n<ul class=\"wp-block-list\">\n<li style=\"font-size:clamp(14px, 0.875rem + ((1vw - 3.2px) * 0.078), 15px);\"><strong>Transactional Data:<\/strong> Information related to your orders, including payment details, if applicable.<\/li>\n<\/ul>\n\n\n\n<ul class=\"wp-block-list\">\n<li style=\"font-size:clamp(14px, 0.875rem + ((1vw - 3.2px) * 0.078), 15px);\"><strong>Personal Data:<\/strong> Name, email address, phone number, and other contact information provided through our contact forms.<\/li>\n<\/ul>\n\n\n\n<ul class=\"wp-block-list\">\n<li style=\"font-size:clamp(14px, 0.875rem + ((1vw - 3.2px) * 0.078), 15px);\"><strong>Technical Data:<\/strong> IP address, browser type, device information, and cookies to enhance website performance and user experience.<\/li>\n<\/ul>\n\n\n\n<h2 class=\"wp-block-heading\">3. <strong>How We Use Your Information<\/strong><\/h2>\n\n\n\n<p style=\"font-size:clamp(14px, 0.875rem + ((1vw - 3.2px) * 0.078), 15px);\">We use your information for purposes such as:<\/p>\n\n\n\n<ul class=\"wp-block-list\">\n<li style=\"font-size:clamp(14px, 0.875rem + ((1vw - 3.2px) * 0.078), 15px);\">Improving website functionality and user experience.<\/li>\n<\/ul>\n\n\n\n<ul style=\"font-size:clamp(14px, 0.875rem + ((1vw - 3.2px) * 0.078), 15px);\" class=\"wp-block-list\">\n<li>Responding to inquiries or requests.<\/li>\n<\/ul>\n\n\n\n<ul class=\"wp-block-list\">\n<li style=\"font-size:clamp(14px, 0.875rem + ((1vw - 3.2px) * 0.078), 15px);\">Providing and managing our services.<\/li>\n<\/ul>\n\n\n\n<ul class=\"wp-block-list\">\n<li style=\"font-size:clamp(14px, 0.875rem + ((1vw - 3.2px) * 0.078), 15px);\">Marketing communications, with your consent.<\/li>\n<\/ul>\n\n\n\n<h2 class=\"wp-block-heading\">4. <strong>Data Sharing<\/strong><\/h2>\n\n\n\n<p style=\"font-size:clamp(14px, 0.875rem + ((1vw - 3.2px) * 0.078), 15px);\">Your information is not shared with third parties except in the following cases:<\/p>\n\n\n\n<ul style=\"font-size:clamp(14px, 0.875rem + ((1vw - 3.2px) * 0.078), 15px);\" class=\"wp-block-list\">\n<li>Service Providers: For hosting, payment processing, and email services.<\/li>\n<\/ul>\n\n\n\n<ul style=\"font-size:clamp(14px, 0.875rem + ((1vw - 3.2px) * 0.078), 15px);\" class=\"wp-block-list\">\n<li>Legal Compliance: When required by law or to protect our rights.<\/li>\n<\/ul>\n\n\n\n<h2 class=\"wp-block-heading\">5. <strong>Data Retention<\/strong><\/h2>\n\n\n\n<p style=\"font-size:clamp(14px, 0.875rem + ((1vw - 3.2px) * 0.078), 15px);\">Your data is retained as follows:<\/p>\n\n\n\n<ul class=\"wp-block-list\">\n<li style=\"font-size:clamp(14px, 0.875rem + ((1vw - 3.2px) * 0.078), 15px);\"><strong>For clients:<\/strong> 10 years after the end of the business relationship, in compliance with accounting obligations.<\/li>\n<\/ul>\n\n\n\n<ul class=\"wp-block-list\">\n<li style=\"font-size:clamp(14px, 0.875rem + ((1vw - 3.2px) * 0.078), 15px);\"><strong>For prospects:<\/strong> 3 years after the last contact.<\/li>\n<\/ul>\n\n\n\n<h2 class=\"wp-block-heading\">6. <strong>Your Rights<\/strong><\/h2>\n\n\n\n<p style=\"font-size:clamp(14px, 0.875rem + ((1vw - 3.2px) * 0.078), 15px);\">Under the GDPR, you have the following rights:<\/p>\n\n\n\n<ul style=\"font-size:clamp(14px, 0.875rem + ((1vw - 3.2px) * 0.078), 15px);\" class=\"wp-block-list\">\n<li>Withdrawal of consent for marketing communications.<\/li>\n<\/ul>\n\n\n\n<ul class=\"wp-block-list\">\n<li style=\"font-size:clamp(14px, 0.875rem + ((1vw - 3.2px) * 0.078), 15px);\">Access to your data.<\/li>\n<\/ul>\n\n\n\n<ul style=\"font-size:clamp(14px, 0.875rem + ((1vw - 3.2px) * 0.078), 15px);\" class=\"wp-block-list\">\n<li>Correction or deletion of your data.<\/li>\n<\/ul>\n\n\n\n<ul class=\"wp-block-list\">\n<li style=\"font-size:clamp(14px, 0.875rem + ((1vw - 3.2px) * 0.078), 15px);\">Objection or restriction to the processing of your data.<\/li>\n<\/ul>\n\n\n\n<ul class=\"wp-block-list\">\n<li style=\"font-size:clamp(14px, 0.875rem + ((1vw - 3.2px) * 0.078), 15px);\">Data portability.<\/li>\n<\/ul>\n\n\n\n<p style=\"font-size:clamp(14px, 0.875rem + ((1vw - 3.2px) * 0.078), 15px);\">To exercise your rights, contact us at <strong><a>contact@waha-inc.fr<\/a><\/strong>We will process your request within 30 days.<\/p>\n\n\n\n<h2 class=\"wp-block-heading\">7. <strong>Cookies<\/strong><\/h2>\n\n\n\n<p style=\"font-size:clamp(14px, 0.875rem + ((1vw - 3.2px) * 0.078), 15px);\">Our website uses cookies to enhance your experience. You can manage your preferences through your browser or the cookie banner displayed upon your visit.<\/p>\n\n\n\n<h2 class=\"wp-block-heading\">8. <strong>Security<\/strong><\/h2>\n\n\n\n<p style=\"padding-top:0;padding-bottom:0;font-size:clamp(14px, 0.875rem + ((1vw - 3.2px) * 0.078), 15px);\">We implement technical and organizational measures to protect your data from unauthorized access, loss, or alteration.<\/p>\n\n\n\n<h2 class=\"wp-block-heading\">9. <strong>Updates<\/strong><\/h2>\n\n\n\n<p style=\"font-size:clamp(14px, 0.875rem + ((1vw - 3.2px) * 0.078), 15px);\">This privacy policy may be updated at any time. The date of the latest revision will be displayed at the top of this page.<\/p>\n\n\n\n<p style=\"font-size:clamp(14px, 0.875rem + ((1vw - 3.2px) * 0.078), 15px);\"><strong>Contact Us<\/strong><br>If you have any questions regarding this policy or your personal data, please write to us at <strong><a>contact@waha-inc.fr<\/a><\/strong>.<\/p>\n\n\n\n<p><\/p>","protected":false},"excerpt":{"rendered":"<p>Politique de Confidentialit\u00e9 Derni\u00e8re mise \u00e0 jour : 19\/12\/2024 Chez Waha.Inc, la confidentialit\u00e9 de vos donn\u00e9es personnelles est une priorit\u00e9. Nous nous engageons \u00e0 prot\u00e9ger vos informations et \u00e0 les utiliser de mani\u00e8re transparente, conform\u00e9ment au RGPD et aux r\u00e9glementations applicables. 1. Responsable du traitement Waha.IncAdresse : 12, Rue de la Part-DieuE-mail : contact@waha-inc.fr 2. [&hellip;]<\/p>","protected":false},"author":1,"featured_media":0,"parent":0,"menu_order":0,"comment_status":"closed","ping_status":"closed","template":"","meta":{"footnotes":""},"class_list":["post-3","page","type-page","status-publish","hentry"],"blocksy_meta":[],"yoast_head":"<!-- This site is optimized with the Yoast SEO plugin v25.9 - https:\/\/yoast.com\/wordpress\/plugins\/seo\/ -->\n<title>Politique de confidentialit\u00e9 - waha-inc.fr<\/title>\n<meta name=\"robots\" content=\"index, follow, max-snippet:-1, max-image-preview:large, max-video-preview:-1\" \/>\n<link rel=\"canonical\" href=\"https:\/\/waha-inc.fr\/en\/privacy-policy\/\" \/>\n<meta property=\"og:locale\" content=\"en_US\" \/>\n<meta property=\"og:type\" content=\"article\" \/>\n<meta property=\"og:title\" content=\"Politique de confidentialit\u00e9 - waha-inc.fr\" \/>\n<meta property=\"og:description\" content=\"Politique de Confidentialit\u00e9 Derni\u00e8re mise \u00e0 jour : 19\/12\/2024 Chez Waha.Inc, la confidentialit\u00e9 de vos donn\u00e9es personnelles est une priorit\u00e9. Nous nous engageons \u00e0 prot\u00e9ger vos informations et \u00e0 les utiliser de mani\u00e8re transparente, conform\u00e9ment au RGPD et aux r\u00e9glementations applicables. 1. Responsable du traitement Waha.IncAdresse : 12, Rue de la Part-DieuE-mail : contact@waha-inc.fr 2. [&hellip;]\" \/>\n<meta property=\"og:url\" content=\"https:\/\/waha-inc.fr\/en\/privacy-policy\/\" \/>\n<meta property=\"og:site_name\" content=\"waha-inc.fr\" \/>\n<meta property=\"article:modified_time\" content=\"2024-12-19T14:54:35+00:00\" \/>\n<meta property=\"og:image\" content=\"https:\/\/waha-inc.fr\/wp-content\/uploads\/2024\/11\/A-very-modern-desk-with-a-computer-in-the-desert.webp\" \/>\n\t<meta property=\"og:image:width\" content=\"960\" \/>\n\t<meta property=\"og:image:height\" content=\"1280\" \/>\n\t<meta property=\"og:image:type\" content=\"image\/webp\" \/>\n<meta name=\"twitter:card\" content=\"summary_large_image\" \/>\n<meta name=\"twitter:label1\" content=\"Est. reading time\" \/>\n\t<meta name=\"twitter:data1\" content=\"2 minutes\" \/>\n<script type=\"application\/ld+json\" class=\"yoast-schema-graph\">{\"@context\":\"https:\/\/schema.org\",\"@graph\":[{\"@type\":\"WebPage\",\"@id\":\"https:\/\/waha-inc.fr\/privacy-policy\/\",\"url\":\"https:\/\/waha-inc.fr\/privacy-policy\/\",\"name\":\"Politique de confidentialit\u00e9 - waha-inc.fr\",\"isPartOf\":{\"@id\":\"https:\/\/waha-inc.fr\/#website\"},\"datePublished\":\"2024-10-31T16:58:45+00:00\",\"dateModified\":\"2024-12-19T14:54:35+00:00\",\"breadcrumb\":{\"@id\":\"https:\/\/waha-inc.fr\/privacy-policy\/#breadcrumb\"},\"inLanguage\":\"en-US\",\"potentialAction\":[{\"@type\":\"ReadAction\",\"target\":[\"https:\/\/waha-inc.fr\/privacy-policy\/\"]}]},{\"@type\":\"BreadcrumbList\",\"@id\":\"https:\/\/waha-inc.fr\/privacy-policy\/#breadcrumb\",\"itemListElement\":[{\"@type\":\"ListItem\",\"position\":1,\"name\":\"Accueil\",\"item\":\"https:\/\/waha-inc.fr\/\"},{\"@type\":\"ListItem\",\"position\":2,\"name\":\"Politique de confidentialit\u00e9\"}]},{\"@type\":\"WebSite\",\"@id\":\"https:\/\/waha-inc.fr\/#website\",\"url\":\"https:\/\/waha-inc.fr\/\",\"name\":\"waha-inc.fr\",\"description\":\"On dirait que vous avez trouv\u00e9 votre oasis...\",\"publisher\":{\"@id\":\"https:\/\/waha-inc.fr\/#organization\"},\"alternateName\":\"Agence web Waha.Inc\",\"potentialAction\":[{\"@type\":\"SearchAction\",\"target\":{\"@type\":\"EntryPoint\",\"urlTemplate\":\"https:\/\/waha-inc.fr\/?s={search_term_string}\"},\"query-input\":{\"@type\":\"PropertyValueSpecification\",\"valueRequired\":true,\"valueName\":\"search_term_string\"}}],\"inLanguage\":\"en-US\"},{\"@type\":\"Organization\",\"@id\":\"https:\/\/waha-inc.fr\/#organization\",\"name\":\"waha-inc.fr\",\"url\":\"https:\/\/waha-inc.fr\/\",\"logo\":{\"@type\":\"ImageObject\",\"inLanguage\":\"en-US\",\"@id\":\"https:\/\/waha-inc.fr\/#\/schema\/logo\/image\/\",\"url\":\"https:\/\/waha-inc.fr\/wp-content\/uploads\/2024\/11\/logo-marron.png\",\"contentUrl\":\"https:\/\/waha-inc.fr\/wp-content\/uploads\/2024\/11\/logo-marron.png\",\"width\":1366,\"height\":768,\"caption\":\"waha-inc.fr\"},\"image\":{\"@id\":\"https:\/\/waha-inc.fr\/#\/schema\/logo\/image\/\"},\"sameAs\":[\"https:\/\/www.instagram.com\/waha.inc\/\",\"https:\/\/fr.pinterest.com\/wahainc\/\"]}]}<\/script>\n<!-- \/ Yoast SEO plugin. -->","yoast_head_json":{"title":"Politique de confidentialit\u00e9 - waha-inc.fr","robots":{"index":"index","follow":"follow","max-snippet":"max-snippet:-1","max-image-preview":"max-image-preview:large","max-video-preview":"max-video-preview:-1"},"canonical":"https:\/\/waha-inc.fr\/en\/privacy-policy\/","og_locale":"en_US","og_type":"article","og_title":"Politique de confidentialit\u00e9 - waha-inc.fr","og_description":"Politique de Confidentialit\u00e9 Derni\u00e8re mise \u00e0 jour : 19\/12\/2024 Chez Waha.Inc, la confidentialit\u00e9 de vos donn\u00e9es personnelles est une priorit\u00e9. Nous nous engageons \u00e0 prot\u00e9ger vos informations et \u00e0 les utiliser de mani\u00e8re transparente, conform\u00e9ment au RGPD et aux r\u00e9glementations applicables. 1. Responsable du traitement Waha.IncAdresse : 12, Rue de la Part-DieuE-mail : contact@waha-inc.fr 2. [&hellip;]","og_url":"https:\/\/waha-inc.fr\/en\/privacy-policy\/","og_site_name":"waha-inc.fr","article_modified_time":"2024-12-19T14:54:35+00:00","og_image":[{"width":960,"height":1280,"url":"https:\/\/waha-inc.fr\/wp-content\/uploads\/2024\/11\/A-very-modern-desk-with-a-computer-in-the-desert.webp","type":"image\/webp"}],"twitter_card":"summary_large_image","twitter_misc":{"Est. reading time":"2 minutes"},"schema":{"@context":"https:\/\/schema.org","@graph":[{"@type":"WebPage","@id":"https:\/\/waha-inc.fr\/privacy-policy\/","url":"https:\/\/waha-inc.fr\/privacy-policy\/","name":"Politique de confidentialit\u00e9 - waha-inc.fr","isPartOf":{"@id":"https:\/\/waha-inc.fr\/#website"},"datePublished":"2024-10-31T16:58:45+00:00","dateModified":"2024-12-19T14:54:35+00:00","breadcrumb":{"@id":"https:\/\/waha-inc.fr\/privacy-policy\/#breadcrumb"},"inLanguage":"en-US","potentialAction":[{"@type":"ReadAction","target":["https:\/\/waha-inc.fr\/privacy-policy\/"]}]},{"@type":"BreadcrumbList","@id":"https:\/\/waha-inc.fr\/privacy-policy\/#breadcrumb","itemListElement":[{"@type":"ListItem","position":1,"name":"Accueil","item":"https:\/\/waha-inc.fr\/"},{"@type":"ListItem","position":2,"name":"Politique de confidentialit\u00e9"}]},{"@type":"WebSite","@id":"https:\/\/waha-inc.fr\/#website","url":"https:\/\/waha-inc.fr\/","name":"waha-inc.fr","description":"Looks like you\u2019ve found your oasis...","publisher":{"@id":"https:\/\/waha-inc.fr\/#organization"},"alternateName":"Agence web Waha.Inc","potentialAction":[{"@type":"SearchAction","target":{"@type":"EntryPoint","urlTemplate":"https:\/\/waha-inc.fr\/?s={search_term_string}"},"query-input":{"@type":"PropertyValueSpecification","valueRequired":true,"valueName":"search_term_string"}}],"inLanguage":"en-US"},{"@type":"Organization","@id":"https:\/\/waha-inc.fr\/#organization","name":"waha-inc.fr","url":"https:\/\/waha-inc.fr\/","logo":{"@type":"ImageObject","inLanguage":"en-US","@id":"https:\/\/waha-inc.fr\/#\/schema\/logo\/image\/","url":"https:\/\/waha-inc.fr\/wp-content\/uploads\/2024\/11\/logo-marron.png","contentUrl":"https:\/\/waha-inc.fr\/wp-content\/uploads\/2024\/11\/logo-marron.png","width":1366,"height":768,"caption":"waha-inc.fr"},"image":{"@id":"https:\/\/waha-inc.fr\/#\/schema\/logo\/image\/"},"sameAs":["https:\/\/www.instagram.com\/waha.inc\/","https:\/\/fr.pinterest.com\/wahainc\/"]}]}},"_links":{"self":[{"href":"https:\/\/waha-inc.fr\/en\/wp-json\/wp\/v2\/pages\/3","targetHints":{"allow":["GET"]}}],"collection":[{"href":"https:\/\/waha-inc.fr\/en\/wp-json\/wp\/v2\/pages"}],"about":[{"href":"https:\/\/waha-inc.fr\/en\/wp-json\/wp\/v2\/types\/page"}],"author":[{"embeddable":true,"href":"https:\/\/waha-inc.fr\/en\/wp-json\/wp\/v2\/users\/1"}],"replies":[{"embeddable":true,"href":"https:\/\/waha-inc.fr\/en\/wp-json\/wp\/v2\/comments?post=3"}],"version-history":[{"count":6,"href":"https:\/\/waha-inc.fr\/en\/wp-json\/wp\/v2\/pages\/3\/revisions"}],"predecessor-version":[{"id":1948,"href":"https:\/\/waha-inc.fr\/en\/wp-json\/wp\/v2\/pages\/3\/revisions\/1948"}],"wp:attachment":[{"href":"https:\/\/waha-inc.fr\/en\/wp-json\/wp\/v2\/media?parent=3"}],"curies":[{"name":"wp","href":"https:\/\/api.w.org\/{rel}","templated":true}]}}